{"id":88,"date":"2025-01-16T19:05:10","date_gmt":"2025-01-16T18:05:10","guid":{"rendered":"https:\/\/www.brantner.com\/bri\/?page_id=88"},"modified":"2025-07-24T09:23:43","modified_gmt":"2025-07-24T07:23:43","slug":"team","status":"publish","type":"page","link":"https:\/\/www.brantner.com\/bri\/team\/","title":{"rendered":"Team"},"content":{"rendered":"<section class=\"l-section wpb_row us_custom_82f6be19 height_medium\"><div class=\"l-section-overlay\" style=\"background:var(--color-header-top-transparent-bg)\"><\/div><div class=\"l-section-h i-cf\"><div class=\"g-cols vc_row via_grid cols_1 laptops-cols_inherit tablets-cols_inherit mobiles-cols_1 valign_middle type_default stacking_default\"><div class=\"wpb_column vc_column_container\"><div class=\"vc_column-inner\"><h1 class=\"w-text us_custom_d44d8758 has_text_color\"><span class=\"w-text-h\"><span class=\"w-text-value\">TEAM<\/span><\/span><\/h1><\/div><\/div><\/div><\/div><\/section><section class=\"l-section wpb_row height_medium\"><div class=\"l-section-overlay\" style=\"background:#e9e6e1\"><\/div><div class=\"l-section-h i-cf\"><div class=\"g-cols vc_row via_grid cols_2 laptops-cols_inherit tablets-cols_inherit mobiles-cols_1 valign_top type_default stacking_default\"><div class=\"wpb_column vc_column_container us_custom_7d14acca has_bg_color\"><div class=\"vc_column-inner\"><\/div><\/div><div class=\"wpb_column vc_column_container\"><div class=\"vc_column-inner\"><div class=\"wpb_text_column\"><div class=\"wpb_wrapper\"><h2>BERND BRANTNER<\/h2>\n<h3>Gesch\u00e4ftsf\u00fchrung<br \/>\nSprecher der Gesch\u00e4ftsf\u00fchrung<\/h3>\n<\/div><\/div><div class=\"w-separator size_small\"><\/div><div class=\"w-hwrapper us_custom_b4721204 valign_middle align_left\" style=\"--hwrapper-gap:0.8rem\"><div class=\"w-image us_custom_1f4a983b has_height align_left\"><div class=\"w-image-h\"><img decoding=\"async\" src=\"https:\/\/www.brantner.com\/bri\/wp-content\/uploads\/sites\/8\/2025\/04\/tel-icon-braun.svg\" class=\"attachment-full size-full\" alt=\"\" loading=\"lazy\" \/><\/div><\/div><div class=\"w-text us_custom_aaaac3b4 has_text_color\"><a href=\"tel:+43 59 444\" class=\"w-text-h\"><span class=\"w-text-value\">+43 59 444<\/span><\/a><\/div><\/div><div class=\"w-hwrapper valign_middle align_left\" style=\"--hwrapper-gap:0.8rem\"><div class=\"w-image us_custom_1f4a983b has_height align_left\"><div class=\"w-image-h\"><img decoding=\"async\" src=\"https:\/\/www.brantner.com\/bri\/wp-content\/uploads\/sites\/8\/2025\/04\/envelope-icon-bri.svg\" class=\"attachment-full size-full\" alt=\"\" loading=\"lazy\" \/><\/div><\/div><div class=\"w-text us_custom_aaaac3b4 has_text_color\"><a href=\"mailto: office.brantner@brantner.com\" class=\"w-text-h\"><span class=\"w-text-value\">office.brantner@brantner.com<\/span><\/a><\/div><\/div><div class=\"w-separator size_small\"><\/div><div class=\"wpb_text_column us_custom_fbeec9e9 has_text_color\"><div class=\"wpb_wrapper\"><p>\u201eDie Geschichte des Familienunternehmens Brantner war immer schon von gro\u00dfem Fortschritts- und Erweiterungswillen gepr\u00e4gt. Wir sind immer in Bewegung und bieten unseren Kunden in mittlerweile f\u00fcnf L\u00e4ndern innovative und nachhaltige L\u00f6sungen. Dadurch sind wir auch f\u00fcr unsere Mitarbeiterinnen und Mitarbeiter ein interessanter sowie gleichzeitig stabiler und wertsch\u00e4tzender Arbeitgeber.\u201c<\/p>\n<\/div><\/div><\/div><\/div><\/div><\/div><\/section><section class=\"l-section wpb_row height_medium\"><div class=\"l-section-h i-cf\"><div class=\"g-cols vc_row via_grid cols_2 laptops-cols_inherit tablets-cols_inherit mobiles-cols_1 valign_top type_default reversed stacking_default\"><div class=\"wpb_column vc_column_container\"><div class=\"vc_column-inner\"><div class=\"wpb_text_column\"><div class=\"wpb_wrapper\"><h2>MARKUS HENNEBICHLER, MBA<\/h2>\n<h3>Leitung Hausverwaltung<br \/>\nImmobilien Controller<\/h3>\n<\/div><\/div><div class=\"w-separator size_small\"><\/div><div class=\"w-hwrapper us_custom_b4721204 valign_middle align_left\" style=\"--hwrapper-gap:0.8rem\"><div class=\"w-image us_custom_1f4a983b has_height align_left\"><div class=\"w-image-h\"><img decoding=\"async\" src=\"https:\/\/www.brantner.com\/bri\/wp-content\/uploads\/sites\/8\/2025\/04\/tel-icon-braun.svg\" class=\"attachment-full size-full\" alt=\"\" loading=\"lazy\" \/><\/div><\/div><div class=\"w-text us_custom_aaaac3b4 has_text_color\"><a href=\"tel:+43 59 444 5891\" class=\"w-text-h\"><span class=\"w-text-value\">+43 59 444 5891<\/span><\/a><\/div><\/div><div class=\"w-hwrapper valign_middle align_left\" style=\"--hwrapper-gap:0.8rem\"><div class=\"w-image us_custom_1f4a983b has_height align_left\"><div class=\"w-image-h\"><img decoding=\"async\" src=\"https:\/\/www.brantner.com\/bri\/wp-content\/uploads\/sites\/8\/2025\/04\/envelope-icon-bri.svg\" class=\"attachment-full size-full\" alt=\"\" loading=\"lazy\" \/><\/div><\/div><div class=\"w-text us_custom_aaaac3b4 has_text_color\"><a href=\"mailto:hausverwaltung@brantner.com\" class=\"w-text-h\"><span class=\"w-text-value\">hausverwaltung@brantner.com<\/span><\/a><\/div><\/div><div class=\"w-separator size_small\"><\/div><div class=\"wpb_text_column us_custom_c273d115 has_text_color\"><div class=\"wpb_wrapper\"><p>\u201eWir sehen Immobilien nicht nur als Geb\u00e4ude, sondern als wertbest\u00e4ndige Investitionen, die durch strategische Planung, nachhaltige Entwicklung und wirtschaftliches Handeln an Zukunftsf\u00e4higkeit gewinnen. Unser Anspruch ist es, R\u00e4ume zu schaffen, die nicht nur heute funktionieren, sondern auch morgen Bestand haben &#8211; \u00f6kologisch durchdacht, wirtschaftlich sinnvoll und mit Blick auf kommende Generationen.\u201c<\/p>\n<\/div><\/div><\/div><\/div><div class=\"wpb_column vc_column_container us_custom_3ca835f6 has_bg_color\"><div class=\"vc_column-inner\"><\/div><\/div><\/div><\/div><\/section><section class=\"l-section wpb_row height_medium\"><div class=\"l-section-overlay\" style=\"background:#e9e6e1\"><\/div><div class=\"l-section-h i-cf\"><div class=\"g-cols vc_row via_grid cols_2 laptops-cols_inherit tablets-cols_inherit mobiles-cols_1 valign_top type_default stacking_default\"><div class=\"wpb_column vc_column_container us_custom_531daa03 has_bg_color\"><div class=\"vc_column-inner\"><\/div><\/div><div class=\"wpb_column vc_column_container\"><div class=\"vc_column-inner\"><div class=\"wpb_text_column\"><div class=\"wpb_wrapper\"><h2>BIANCA BURGER<\/h2>\n<h3>Hausverwaltung<\/h3>\n<\/div><\/div><div class=\"w-separator size_small\"><\/div><div class=\"w-hwrapper us_custom_b4721204 valign_middle align_left\" style=\"--hwrapper-gap:0.8rem\"><div class=\"w-image us_custom_1f4a983b has_height align_left\"><div class=\"w-image-h\"><img decoding=\"async\" src=\"https:\/\/www.brantner.com\/bri\/wp-content\/uploads\/sites\/8\/2025\/04\/tel-icon-braun.svg\" class=\"attachment-full size-full\" alt=\"\" loading=\"lazy\" \/><\/div><\/div><div class=\"w-text us_custom_aaaac3b4 has_text_color\"><a href=\"tel:+43 59 4445694\" class=\"w-text-h\"><span class=\"w-text-value\">+43 59 444 5694<\/span><\/a><\/div><\/div><div class=\"w-hwrapper valign_middle align_left\" style=\"--hwrapper-gap:0.8rem\"><div class=\"w-image us_custom_1f4a983b has_height align_left\"><div class=\"w-image-h\"><img decoding=\"async\" src=\"https:\/\/www.brantner.com\/bri\/wp-content\/uploads\/sites\/8\/2025\/04\/envelope-icon-bri.svg\" class=\"attachment-full size-full\" alt=\"\" loading=\"lazy\" \/><\/div><\/div><div class=\"w-text us_custom_aaaac3b4 has_text_color\"><a href=\"mailto: hausverwaltung@brantner.com\" class=\"w-text-h\"><span class=\"w-text-value\">hausverwaltung@brantner.com<\/span><\/a><\/div><\/div><div class=\"w-separator size_small\"><\/div><div class=\"wpb_text_column us_custom_98f81fd4 has_text_color\"><div class=\"wpb_wrapper\"><p><span>&#8222;Mit langj\u00e4hriger Erfahrung in der Hausverwaltung bieten wir effiziente und zuverl\u00e4ssige L\u00f6sungen, die den Anforderungen unserer Kunden gerecht werden. Unser Ziel ist es, eine nachhaltige und wertorientierte Verwaltung zu gew\u00e4hrleisten.&#8220;<\/span><\/p>\n<\/div><\/div><\/div><\/div><\/div><\/div><\/section>\n","protected":false},"excerpt":{"rendered":"","protected":false},"author":17,"featured_media":0,"parent":0,"menu_order":0,"comment_status":"closed","ping_status":"closed","template":"","meta":{"_acf_changed":false,"inline_featured_image":false,"_monsterinsights_skip_tracking":false,"_monsterinsights_sitenote_active":false,"_monsterinsights_sitenote_note":"","_monsterinsights_sitenote_category":0,"footnotes":""},"class_list":["post-88","page","type-page","status-publish","hentry"],"yoast_head":"<!-- This site is optimized with the Yoast SEO plugin v27.4 - https:\/\/yoast.com\/product\/yoast-seo-wordpress\/ -->\n<title>Team - Brantner Real Estate<\/title>\n<meta name=\"robots\" content=\"index, follow, max-snippet:-1, max-image-preview:large, max-video-preview:-1\" \/>\n<link rel=\"canonical\" href=\"https:\/\/www.brantner.com\/bri\/team\/\" \/>\n<meta property=\"og:locale\" content=\"de_DE\" \/>\n<meta property=\"og:type\" content=\"article\" \/>\n<meta property=\"og:title\" content=\"Team - Brantner Real Estate\" \/>\n<meta property=\"og:url\" content=\"https:\/\/www.brantner.com\/bri\/team\/\" \/>\n<meta property=\"og:site_name\" content=\"Brantner Real Estate\" \/>\n<meta property=\"article:modified_time\" content=\"2025-07-24T07:23:43+00:00\" \/>\n<meta name=\"twitter:card\" content=\"summary_large_image\" \/>\n<meta name=\"twitter:label1\" content=\"Gesch\u00e4tzte Lesezeit\" \/>\n\t<meta name=\"twitter:data1\" content=\"2\u00a0Minuten\" \/>\n<script type=\"application\/ld+json\" class=\"yoast-schema-graph\">{\"@context\":\"https:\\\/\\\/schema.org\",\"@graph\":[{\"@type\":\"WebPage\",\"@id\":\"https:\\\/\\\/www.brantner.com\\\/bri\\\/team\\\/\",\"url\":\"https:\\\/\\\/www.brantner.com\\\/bri\\\/team\\\/\",\"name\":\"Team - Brantner Real Estate\",\"isPartOf\":{\"@id\":\"https:\\\/\\\/www.brantner.com\\\/bri\\\/#website\"},\"datePublished\":\"2025-01-16T18:05:10+00:00\",\"dateModified\":\"2025-07-24T07:23:43+00:00\",\"breadcrumb\":{\"@id\":\"https:\\\/\\\/www.brantner.com\\\/bri\\\/team\\\/#breadcrumb\"},\"inLanguage\":\"de\",\"potentialAction\":[{\"@type\":\"ReadAction\",\"target\":[\"https:\\\/\\\/www.brantner.com\\\/bri\\\/team\\\/\"]}]},{\"@type\":\"BreadcrumbList\",\"@id\":\"https:\\\/\\\/www.brantner.com\\\/bri\\\/team\\\/#breadcrumb\",\"itemListElement\":[{\"@type\":\"ListItem\",\"position\":1,\"name\":\"Startseite\",\"item\":\"https:\\\/\\\/www.brantner.com\\\/bri\\\/\"},{\"@type\":\"ListItem\",\"position\":2,\"name\":\"Team\"}]},{\"@type\":\"WebSite\",\"@id\":\"https:\\\/\\\/www.brantner.com\\\/bri\\\/#website\",\"url\":\"https:\\\/\\\/www.brantner.com\\\/bri\\\/\",\"name\":\"Brantner Real Estate\",\"description\":\"\",\"potentialAction\":[{\"@type\":\"SearchAction\",\"target\":{\"@type\":\"EntryPoint\",\"urlTemplate\":\"https:\\\/\\\/www.brantner.com\\\/bri\\\/?s={search_term_string}\"},\"query-input\":{\"@type\":\"PropertyValueSpecification\",\"valueRequired\":true,\"valueName\":\"search_term_string\"}}],\"inLanguage\":\"de\"}]}<\/script>\n<!-- \/ Yoast SEO plugin. -->","yoast_head_json":{"title":"Team - Brantner Real Estate","robots":{"index":"index","follow":"follow","max-snippet":"max-snippet:-1","max-image-preview":"max-image-preview:large","max-video-preview":"max-video-preview:-1"},"canonical":"https:\/\/www.brantner.com\/bri\/team\/","og_locale":"de_DE","og_type":"article","og_title":"Team - Brantner Real Estate","og_url":"https:\/\/www.brantner.com\/bri\/team\/","og_site_name":"Brantner Real Estate","article_modified_time":"2025-07-24T07:23:43+00:00","twitter_card":"summary_large_image","twitter_misc":{"Gesch\u00e4tzte Lesezeit":"2\u00a0Minuten"},"schema":{"@context":"https:\/\/schema.org","@graph":[{"@type":"WebPage","@id":"https:\/\/www.brantner.com\/bri\/team\/","url":"https:\/\/www.brantner.com\/bri\/team\/","name":"Team - Brantner Real Estate","isPartOf":{"@id":"https:\/\/www.brantner.com\/bri\/#website"},"datePublished":"2025-01-16T18:05:10+00:00","dateModified":"2025-07-24T07:23:43+00:00","breadcrumb":{"@id":"https:\/\/www.brantner.com\/bri\/team\/#breadcrumb"},"inLanguage":"de","potentialAction":[{"@type":"ReadAction","target":["https:\/\/www.brantner.com\/bri\/team\/"]}]},{"@type":"BreadcrumbList","@id":"https:\/\/www.brantner.com\/bri\/team\/#breadcrumb","itemListElement":[{"@type":"ListItem","position":1,"name":"Startseite","item":"https:\/\/www.brantner.com\/bri\/"},{"@type":"ListItem","position":2,"name":"Team"}]},{"@type":"WebSite","@id":"https:\/\/www.brantner.com\/bri\/#website","url":"https:\/\/www.brantner.com\/bri\/","name":"Brantner Real Estate","description":"","potentialAction":[{"@type":"SearchAction","target":{"@type":"EntryPoint","urlTemplate":"https:\/\/www.brantner.com\/bri\/?s={search_term_string}"},"query-input":{"@type":"PropertyValueSpecification","valueRequired":true,"valueName":"search_term_string"}}],"inLanguage":"de"}]}},"acf":[],"_links":{"self":[{"href":"https:\/\/www.brantner.com\/bri\/wp-json\/wp\/v2\/pages\/88","targetHints":{"allow":["GET"]}}],"collection":[{"href":"https:\/\/www.brantner.com\/bri\/wp-json\/wp\/v2\/pages"}],"about":[{"href":"https:\/\/www.brantner.com\/bri\/wp-json\/wp\/v2\/types\/page"}],"author":[{"embeddable":true,"href":"https:\/\/www.brantner.com\/bri\/wp-json\/wp\/v2\/users\/17"}],"replies":[{"embeddable":true,"href":"https:\/\/www.brantner.com\/bri\/wp-json\/wp\/v2\/comments?post=88"}],"version-history":[{"count":5,"href":"https:\/\/www.brantner.com\/bri\/wp-json\/wp\/v2\/pages\/88\/revisions"}],"predecessor-version":[{"id":2004,"href":"https:\/\/www.brantner.com\/bri\/wp-json\/wp\/v2\/pages\/88\/revisions\/2004"}],"wp:attachment":[{"href":"https:\/\/www.brantner.com\/bri\/wp-json\/wp\/v2\/media?parent=88"}],"curies":[{"name":"wp","href":"https:\/\/api.w.org\/{rel}","templated":true}]}}