{"id":1864,"date":"2025-06-06T10:34:51","date_gmt":"2025-06-06T08:34:51","guid":{"rendered":"https:\/\/www.brantner.com\/bri\/?page_id=1864"},"modified":"2025-08-25T18:02:41","modified_gmt":"2025-08-25T16:02:41","slug":"sibiu-rumaenien","status":"publish","type":"page","link":"https:\/\/www.brantner.com\/bri\/leistungen\/projektentwicklung\/sibiu-rumaenien\/","title":{"rendered":"Sibiu | Rum\u00e4nien"},"content":{"rendered":"<section class=\"l-section wpb_row us_custom_1d1fca41 height_medium width_full\"><div class=\"l-section-overlay\" style=\"background:var(--color-header-top-transparent-bg)\"><\/div><div class=\"l-section-h i-cf\"><div class=\"g-cols vc_row via_grid cols_1 laptops-cols_inherit tablets-cols_inherit mobiles-cols_1 valign_middle type_default stacking_default\"><div class=\"wpb_column vc_column_container\"><div class=\"vc_column-inner\"><h1 class=\"w-text us_custom_a2597e3f has_text_color\"><span class=\"w-text-h\"><span class=\"w-text-value\">Sibiu | Rum\u00e4nien<\/span><\/span><\/h1><\/div><\/div><\/div><\/div><\/section><section class=\"l-section wpb_row height_medium\"><div class=\"l-section-h i-cf\"><div class=\"g-cols vc_row via_grid cols_1 laptops-cols_inherit tablets-cols_inherit mobiles-cols_1 valign_top type_default stacking_default\"><div class=\"wpb_column vc_column_container\"><div class=\"vc_column-inner\"><div class=\"g-cols wpb_row via_grid cols_1 laptops-cols_inherit tablets-cols_inherit mobiles-cols_1 valign_top type_default stacking_default\" style=\"--columns-gap:3rem;\"><div class=\"wpb_column vc_column_container\"><div class=\"vc_column-inner\"><\/div><\/div><\/div><div class=\"g-cols wpb_row via_grid cols_2-1 laptops-cols_inherit tablets-cols_inherit mobiles-cols_1 valign_middle type_default stacking_default\" style=\"--columns-gap:3rem;\"><div class=\"wpb_column vc_column_container\"><div class=\"vc_column-inner\"><div class=\"wpb_text_column\"><div class=\"wpb_wrapper\"><h2 style=\"text-align: left;\">Bauprojekt in Planung<\/h2>\n<p style=\"font-weight: 400;\">Das Wohnprojekt befindet sich in einer aufstrebenden urbanen Lage in Rum\u00e4nien, die durch hervorragende Infrastruktur und eine gute Anbindung an das \u00f6ffentliche Verkehrsnetz besticht. In unmittelbarer N\u00e4he befinden sich Einkaufsm\u00f6glichkeiten, Bildungs- und Freizeiteinrichtungen sowie wichtige Verkehrsachsen, die eine schnelle Erreichbarkeit von Arbeitsplatz und Stadtzentrum gew\u00e4hrleisten.<\/p>\n<p style=\"font-weight: 400;\">Die Kombination aus wachsender Wirtschaftskraft, moderner Infrastruktur und hoher Lebensqualit\u00e4t macht diesen Standort besonders attraktiv f\u00fcr Bewohner und Investoren gleicherma\u00dfen.<\/p>\n<\/div><\/div><div class=\"w-post-elm post_image us_custom_b3be410f has_height has_ratio\"><img loading=\"lazy\" decoding=\"async\" width=\"2308\" height=\"1560\" src=\"https:\/\/www.brantner.com\/bri\/wp-content\/uploads\/sites\/8\/2025\/06\/plan-de-sibiu-Kopie-e1751981726929.jpg\" class=\"attachment-full size-full wp-post-image\" alt=\"\" \/><div style=\"padding-bottom:100%\"><\/div><\/div><\/div><\/div><div class=\"wpb_column vc_column_container us_custom_9237ea3b\"><div class=\"vc_column-overlay\" style=\"background:#4d3c32\"><\/div><div class=\"vc_column-inner\"><h2 class=\"w-text us_custom_d347832c has_text_color\"><span class=\"w-text-h\"><span class=\"w-text-value\">Beratung &#038; Kontakt<\/span><\/span><\/h2><div class=\"wpb_text_column us_custom_15a314ed has_text_color\"><div class=\"wpb_wrapper\"><p style=\"text-align: center;\">Wir freuen uns \u00fcber Ihren Anruf!<\/p>\n<\/div><\/div><div class=\"w-btn-wrapper align_center\"><a class=\"w-btn us-btn-style_5 us_custom_93c0451f icon_atleft\" href=\"tel:+43 59 444 5891\"><i class=\"fas fa-phone-alt\"><\/i><span class=\"w-btn-label\">Anrufen<\/span><\/a><\/div><div class=\"w-btn-wrapper align_center\"><a class=\"w-btn us-btn-style_5 us_custom_528e9bda icon_atleft\" href=\"mailto:hausverwaltung@brantner.com\"><i class=\"far fa-envelope-open\"><\/i><span class=\"w-btn-label\">schreiben<\/span><\/a><\/div><\/div><\/div><\/div><\/div><\/div><\/div><\/div><\/section><section class=\"l-section wpb_row height_medium\"><div class=\"l-section-h i-cf\"><div class=\"g-cols vc_row via_grid cols_1 laptops-cols_inherit tablets-cols_inherit mobiles-cols_1 valign_top type_default stacking_default\"><div class=\"wpb_column vc_column_container\"><div class=\"vc_column-inner\"><div class=\"g-cols wpb_row us_custom_c4a99160 via_grid cols_1 laptops-cols_inherit tablets-cols_inherit mobiles-cols_1 valign_top type_default stacking_default\" style=\"--columns-gap:3rem;\"><div class=\"wpb_column vc_column_container\"><div class=\"vc_column-inner\"><h2 class=\"w-text us_custom_d347832c has_text_color\"><span class=\"w-text-h\"><span class=\"w-text-value\">Sibiu | Rum\u00e4nien<\/span><\/span><\/h2><div class=\"wpb_text_column us_custom_15a314ed has_text_color\"><div class=\"wpb_wrapper\"><p style=\"text-align: center;\">Wir beraten Sie gerne!<\/p>\n<\/div><\/div><div class=\"w-btn-wrapper align_center\"><a class=\"w-btn us-btn-style_5 us_custom_93c0451f icon_atleft\" href=\"tel:+43 59 444 5891\"><i class=\"fas fa-phone-alt\"><\/i><span class=\"w-btn-label\">anrufen<\/span><\/a><\/div><div class=\"w-btn-wrapper align_center\"><a class=\"w-btn us-btn-style_5 us_custom_528e9bda icon_atleft\" href=\"mailto:hausverwaltung@brantner.com\"><i class=\"far fa-envelope-open\"><\/i><span class=\"w-btn-label\">schreiben<\/span><\/a><\/div><\/div><\/div><\/div><\/div><\/div><\/div><\/div><\/section>\n","protected":false},"excerpt":{"rendered":"","protected":false},"author":16,"featured_media":1891,"parent":103,"menu_order":0,"comment_status":"closed","ping_status":"closed","template":"","meta":{"_acf_changed":false,"inline_featured_image":false,"_monsterinsights_skip_tracking":false,"_monsterinsights_sitenote_active":false,"_monsterinsights_sitenote_note":"","_monsterinsights_sitenote_category":0,"footnotes":""},"class_list":["post-1864","page","type-page","status-publish","has-post-thumbnail","hentry"],"yoast_head":"<!-- This site is optimized with the Yoast SEO plugin v27.4 - https:\/\/yoast.com\/product\/yoast-seo-wordpress\/ -->\n<title>Sibiu | Rum\u00e4nien - Brantner Real Estate<\/title>\n<meta name=\"robots\" content=\"index, follow, max-snippet:-1, max-image-preview:large, max-video-preview:-1\" \/>\n<link rel=\"canonical\" href=\"https:\/\/www.brantner.com\/bri\/leistungen\/projektentwicklung\/sibiu-rumaenien\/\" \/>\n<meta property=\"og:locale\" content=\"de_DE\" \/>\n<meta property=\"og:type\" content=\"article\" \/>\n<meta property=\"og:title\" content=\"Sibiu | Rum\u00e4nien - Brantner Real Estate\" \/>\n<meta property=\"og:url\" content=\"https:\/\/www.brantner.com\/bri\/leistungen\/projektentwicklung\/sibiu-rumaenien\/\" \/>\n<meta property=\"og:site_name\" content=\"Brantner Real Estate\" \/>\n<meta property=\"article:modified_time\" content=\"2025-08-25T16:02:41+00:00\" \/>\n<meta property=\"og:image\" content=\"https:\/\/www.brantner.com\/bri\/wp-content\/uploads\/sites\/8\/2025\/06\/plan-de-sibiu-Kopie-e1751981726929.jpg\" \/>\n\t<meta property=\"og:image:width\" content=\"2308\" \/>\n\t<meta property=\"og:image:height\" content=\"1560\" \/>\n\t<meta property=\"og:image:type\" content=\"image\/jpeg\" \/>\n<meta name=\"twitter:card\" content=\"summary_large_image\" \/>\n<meta name=\"twitter:label1\" content=\"Gesch\u00e4tzte Lesezeit\" \/>\n\t<meta name=\"twitter:data1\" content=\"1\u00a0Minute\" \/>\n<script type=\"application\/ld+json\" class=\"yoast-schema-graph\">{\"@context\":\"https:\\\/\\\/schema.org\",\"@graph\":[{\"@type\":\"WebPage\",\"@id\":\"https:\\\/\\\/www.brantner.com\\\/bri\\\/leistungen\\\/projektentwicklung\\\/sibiu-rumaenien\\\/\",\"url\":\"https:\\\/\\\/www.brantner.com\\\/bri\\\/leistungen\\\/projektentwicklung\\\/sibiu-rumaenien\\\/\",\"name\":\"Sibiu | Rum\u00e4nien - Brantner Real Estate\",\"isPartOf\":{\"@id\":\"https:\\\/\\\/www.brantner.com\\\/bri\\\/#website\"},\"primaryImageOfPage\":{\"@id\":\"https:\\\/\\\/www.brantner.com\\\/bri\\\/leistungen\\\/projektentwicklung\\\/sibiu-rumaenien\\\/#primaryimage\"},\"image\":{\"@id\":\"https:\\\/\\\/www.brantner.com\\\/bri\\\/leistungen\\\/projektentwicklung\\\/sibiu-rumaenien\\\/#primaryimage\"},\"thumbnailUrl\":\"https:\\\/\\\/www.brantner.com\\\/bri\\\/wp-content\\\/uploads\\\/sites\\\/8\\\/2025\\\/06\\\/plan-de-sibiu-Kopie-e1751981726929.jpg\",\"datePublished\":\"2025-06-06T08:34:51+00:00\",\"dateModified\":\"2025-08-25T16:02:41+00:00\",\"breadcrumb\":{\"@id\":\"https:\\\/\\\/www.brantner.com\\\/bri\\\/leistungen\\\/projektentwicklung\\\/sibiu-rumaenien\\\/#breadcrumb\"},\"inLanguage\":\"de\",\"potentialAction\":[{\"@type\":\"ReadAction\",\"target\":[\"https:\\\/\\\/www.brantner.com\\\/bri\\\/leistungen\\\/projektentwicklung\\\/sibiu-rumaenien\\\/\"]}]},{\"@type\":\"ImageObject\",\"inLanguage\":\"de\",\"@id\":\"https:\\\/\\\/www.brantner.com\\\/bri\\\/leistungen\\\/projektentwicklung\\\/sibiu-rumaenien\\\/#primaryimage\",\"url\":\"https:\\\/\\\/www.brantner.com\\\/bri\\\/wp-content\\\/uploads\\\/sites\\\/8\\\/2025\\\/06\\\/plan-de-sibiu-Kopie-e1751981726929.jpg\",\"contentUrl\":\"https:\\\/\\\/www.brantner.com\\\/bri\\\/wp-content\\\/uploads\\\/sites\\\/8\\\/2025\\\/06\\\/plan-de-sibiu-Kopie-e1751981726929.jpg\",\"width\":2308,\"height\":1560},{\"@type\":\"BreadcrumbList\",\"@id\":\"https:\\\/\\\/www.brantner.com\\\/bri\\\/leistungen\\\/projektentwicklung\\\/sibiu-rumaenien\\\/#breadcrumb\",\"itemListElement\":[{\"@type\":\"ListItem\",\"position\":1,\"name\":\"Startseite\",\"item\":\"https:\\\/\\\/www.brantner.com\\\/bri\\\/\"},{\"@type\":\"ListItem\",\"position\":2,\"name\":\"Leistungen\",\"item\":\"https:\\\/\\\/www.brantner.com\\\/bri\\\/leistungen\\\/\"},{\"@type\":\"ListItem\",\"position\":3,\"name\":\"Projektentwicklung\",\"item\":\"https:\\\/\\\/www.brantner.com\\\/bri\\\/leistungen\\\/projektentwicklung\\\/\"},{\"@type\":\"ListItem\",\"position\":4,\"name\":\"Sibiu | Rum\u00e4nien\"}]},{\"@type\":\"WebSite\",\"@id\":\"https:\\\/\\\/www.brantner.com\\\/bri\\\/#website\",\"url\":\"https:\\\/\\\/www.brantner.com\\\/bri\\\/\",\"name\":\"Brantner Real Estate\",\"description\":\"\",\"potentialAction\":[{\"@type\":\"SearchAction\",\"target\":{\"@type\":\"EntryPoint\",\"urlTemplate\":\"https:\\\/\\\/www.brantner.com\\\/bri\\\/?s={search_term_string}\"},\"query-input\":{\"@type\":\"PropertyValueSpecification\",\"valueRequired\":true,\"valueName\":\"search_term_string\"}}],\"inLanguage\":\"de\"}]}<\/script>\n<!-- \/ Yoast SEO plugin. -->","yoast_head_json":{"title":"Sibiu | Rum\u00e4nien - Brantner Real Estate","robots":{"index":"index","follow":"follow","max-snippet":"max-snippet:-1","max-image-preview":"max-image-preview:large","max-video-preview":"max-video-preview:-1"},"canonical":"https:\/\/www.brantner.com\/bri\/leistungen\/projektentwicklung\/sibiu-rumaenien\/","og_locale":"de_DE","og_type":"article","og_title":"Sibiu | Rum\u00e4nien - Brantner Real Estate","og_url":"https:\/\/www.brantner.com\/bri\/leistungen\/projektentwicklung\/sibiu-rumaenien\/","og_site_name":"Brantner Real Estate","article_modified_time":"2025-08-25T16:02:41+00:00","og_image":[{"width":2308,"height":1560,"url":"https:\/\/www.brantner.com\/bri\/wp-content\/uploads\/sites\/8\/2025\/06\/plan-de-sibiu-Kopie-e1751981726929.jpg","type":"image\/jpeg"}],"twitter_card":"summary_large_image","twitter_misc":{"Gesch\u00e4tzte Lesezeit":"1\u00a0Minute"},"schema":{"@context":"https:\/\/schema.org","@graph":[{"@type":"WebPage","@id":"https:\/\/www.brantner.com\/bri\/leistungen\/projektentwicklung\/sibiu-rumaenien\/","url":"https:\/\/www.brantner.com\/bri\/leistungen\/projektentwicklung\/sibiu-rumaenien\/","name":"Sibiu | Rum\u00e4nien - Brantner Real Estate","isPartOf":{"@id":"https:\/\/www.brantner.com\/bri\/#website"},"primaryImageOfPage":{"@id":"https:\/\/www.brantner.com\/bri\/leistungen\/projektentwicklung\/sibiu-rumaenien\/#primaryimage"},"image":{"@id":"https:\/\/www.brantner.com\/bri\/leistungen\/projektentwicklung\/sibiu-rumaenien\/#primaryimage"},"thumbnailUrl":"https:\/\/www.brantner.com\/bri\/wp-content\/uploads\/sites\/8\/2025\/06\/plan-de-sibiu-Kopie-e1751981726929.jpg","datePublished":"2025-06-06T08:34:51+00:00","dateModified":"2025-08-25T16:02:41+00:00","breadcrumb":{"@id":"https:\/\/www.brantner.com\/bri\/leistungen\/projektentwicklung\/sibiu-rumaenien\/#breadcrumb"},"inLanguage":"de","potentialAction":[{"@type":"ReadAction","target":["https:\/\/www.brantner.com\/bri\/leistungen\/projektentwicklung\/sibiu-rumaenien\/"]}]},{"@type":"ImageObject","inLanguage":"de","@id":"https:\/\/www.brantner.com\/bri\/leistungen\/projektentwicklung\/sibiu-rumaenien\/#primaryimage","url":"https:\/\/www.brantner.com\/bri\/wp-content\/uploads\/sites\/8\/2025\/06\/plan-de-sibiu-Kopie-e1751981726929.jpg","contentUrl":"https:\/\/www.brantner.com\/bri\/wp-content\/uploads\/sites\/8\/2025\/06\/plan-de-sibiu-Kopie-e1751981726929.jpg","width":2308,"height":1560},{"@type":"BreadcrumbList","@id":"https:\/\/www.brantner.com\/bri\/leistungen\/projektentwicklung\/sibiu-rumaenien\/#breadcrumb","itemListElement":[{"@type":"ListItem","position":1,"name":"Startseite","item":"https:\/\/www.brantner.com\/bri\/"},{"@type":"ListItem","position":2,"name":"Leistungen","item":"https:\/\/www.brantner.com\/bri\/leistungen\/"},{"@type":"ListItem","position":3,"name":"Projektentwicklung","item":"https:\/\/www.brantner.com\/bri\/leistungen\/projektentwicklung\/"},{"@type":"ListItem","position":4,"name":"Sibiu | Rum\u00e4nien"}]},{"@type":"WebSite","@id":"https:\/\/www.brantner.com\/bri\/#website","url":"https:\/\/www.brantner.com\/bri\/","name":"Brantner Real Estate","description":"","potentialAction":[{"@type":"SearchAction","target":{"@type":"EntryPoint","urlTemplate":"https:\/\/www.brantner.com\/bri\/?s={search_term_string}"},"query-input":{"@type":"PropertyValueSpecification","valueRequired":true,"valueName":"search_term_string"}}],"inLanguage":"de"}]}},"acf":[],"_links":{"self":[{"href":"https:\/\/www.brantner.com\/bri\/wp-json\/wp\/v2\/pages\/1864","targetHints":{"allow":["GET"]}}],"collection":[{"href":"https:\/\/www.brantner.com\/bri\/wp-json\/wp\/v2\/pages"}],"about":[{"href":"https:\/\/www.brantner.com\/bri\/wp-json\/wp\/v2\/types\/page"}],"author":[{"embeddable":true,"href":"https:\/\/www.brantner.com\/bri\/wp-json\/wp\/v2\/users\/16"}],"replies":[{"embeddable":true,"href":"https:\/\/www.brantner.com\/bri\/wp-json\/wp\/v2\/comments?post=1864"}],"version-history":[{"count":5,"href":"https:\/\/www.brantner.com\/bri\/wp-json\/wp\/v2\/pages\/1864\/revisions"}],"predecessor-version":[{"id":2031,"href":"https:\/\/www.brantner.com\/bri\/wp-json\/wp\/v2\/pages\/1864\/revisions\/2031"}],"up":[{"embeddable":true,"href":"https:\/\/www.brantner.com\/bri\/wp-json\/wp\/v2\/pages\/103"}],"wp:featuredmedia":[{"embeddable":true,"href":"https:\/\/www.brantner.com\/bri\/wp-json\/wp\/v2\/media\/1891"}],"wp:attachment":[{"href":"https:\/\/www.brantner.com\/bri\/wp-json\/wp\/v2\/media?parent=1864"}],"curies":[{"name":"wp","href":"https:\/\/api.w.org\/{rel}","templated":true}]}}