{"id":107,"date":"2025-01-16T19:32:12","date_gmt":"2025-01-16T18:32:12","guid":{"rendered":"https:\/\/www.brantner.com\/bri\/?page_id=107"},"modified":"2025-04-30T16:22:56","modified_gmt":"2025-04-30T14:22:56","slug":"hausverwaltung","status":"publish","type":"page","link":"https:\/\/www.brantner.com\/bri\/leistungen\/hausverwaltung\/","title":{"rendered":"Hausverwaltung"},"content":{"rendered":"<section class=\"l-section wpb_row us_custom_a866b4aa height_medium\"><div class=\"l-section-overlay\" style=\"background:var(--color-header-top-transparent-bg)\"><\/div><div class=\"l-section-h i-cf\"><div class=\"g-cols vc_row via_grid cols_1 laptops-cols_inherit tablets-cols_inherit mobiles-cols_1 valign_middle type_default stacking_default\"><div class=\"wpb_column vc_column_container\"><div class=\"vc_column-inner\"><h1 class=\"w-text us_custom_d44d8758 has_text_color\"><span class=\"w-text-h\"><span class=\"w-text-value\">UNSERE LEISTUNGEN<\/span><\/span><\/h1><\/div><\/div><\/div><\/div><\/section><section class=\"l-section wpb_row height_medium\"><div class=\"l-section-h i-cf\"><div class=\"g-cols vc_row via_grid cols_1 laptops-cols_inherit tablets-cols_inherit mobiles-cols_1 valign_top type_default stacking_default\"><div class=\"wpb_column vc_column_container\"><div class=\"vc_column-inner\"><div class=\"g-cols wpb_row via_grid cols_2-1 laptops-cols_inherit tablets-cols_inherit mobiles-cols_1 valign_middle type_default stacking_default\" style=\"--columns-gap:3rem;\"><div class=\"wpb_column vc_column_container\"><div class=\"vc_column-inner\"><div class=\"wpb_text_column\"><div class=\"wpb_wrapper\"><h2 style=\"text-align: left;\">Hausverwaltung<\/h2>\n<p style=\"text-align: left;\">Wir lassen unsere Projekte auch nach der Fertigstellung nicht im Stich und nehmen die Verwaltung selbst in die Hand. Es ist uns ein besonderes Anliegen uns pers\u00f6nlich um unsere Mieter zu k\u00fcmmern.<\/p>\n<p style=\"text-align: left;\"><strong>Kundenorientierung:<\/strong> Die Zufriedenheit unserer Mieter hat f\u00fcr uns oberste Priorit\u00e4t. Wir arbeiten eng mit Ihnen zusammen, um Ihre Bed\u00fcrfnisse zu verstehen und ma\u00dfgeschneiderte L\u00f6sungen anzubieten.<\/p>\n<p style=\"text-align: left;\"><strong>Branchenkenntnisse:<\/strong> Unser Team besteht aus Experten, die \u00fcber langj\u00e4hrige Erfahrung im Immobilienmarkt verf\u00fcgen. Wir halten uns kontinuierlich \u00fcber aktuelle Trends, rechtliche Bestimmungen und technologische Entwicklungen auf dem Laufenden, um fundierte Entscheidungen treffen zu k\u00f6nnen.<\/p>\n<\/div><\/div><\/div><\/div><div class=\"wpb_column vc_column_container us_custom_9237ea3b\"><div class=\"vc_column-overlay\" style=\"background:#4d3c32\"><\/div><div class=\"vc_column-inner\"><h2 class=\"w-text us_custom_d347832c has_text_color\"><span class=\"w-text-h\"><span class=\"w-text-value\">Beratung &#038; Kontakt<\/span><\/span><\/h2><div class=\"wpb_text_column us_custom_15a314ed has_text_color\"><div class=\"wpb_wrapper\"><p style=\"text-align: center;\">Wir freuen uns \u00fcber Ihren Anruf!<br \/>Erreichbarkeit: Mo-Fr: 08:00-13:00 Uhr<\/p>\n<\/div><\/div><div class=\"w-btn-wrapper align_center\"><a class=\"w-btn us-btn-style_5 us_custom_93c0451f icon_atleft\" href=\"tel:+43 59 444 5891\"><i class=\"fas fa-phone-alt\"><\/i><span class=\"w-btn-label\">Anrufen<\/span><\/a><\/div><div class=\"w-btn-wrapper align_center\"><a class=\"w-btn us-btn-style_5 us_custom_528e9bda icon_atleft\" href=\"mailto:hausverwaltung@brantner.com\"><i class=\"far fa-envelope-open\"><\/i><span class=\"w-btn-label\">schreiben<\/span><\/a><\/div><\/div><\/div><\/div><\/div><\/div><\/div><\/div><\/section><section class=\"l-section wpb_row height_medium\"><div class=\"l-section-h i-cf\"><div class=\"g-cols vc_row via_grid cols_1 laptops-cols_inherit tablets-cols_inherit mobiles-cols_1 valign_top type_default stacking_default\"><div class=\"wpb_column vc_column_container\"><div class=\"vc_column-inner\"><div class=\"g-cols wpb_row us_custom_c4a99160 via_grid cols_1 laptops-cols_inherit tablets-cols_inherit mobiles-cols_1 valign_top type_default stacking_default\" style=\"--columns-gap:3rem;\"><div class=\"wpb_column vc_column_container\"><div class=\"vc_column-inner\"><div class=\"w-image us_custom_1aa2d3bd has_height has_ratio align_center\"><div class=\"w-image-h\"><div style=\"padding-bottom:100%\"><\/div><img decoding=\"async\" class=\"g-placeholder\" src=\"https:\/\/www.brantner.com\/bri\/wp-content\/plugins\/us-core\/assets\/images\/placeholder.svg\" width=\"\" height=\"\" alt><\/div><\/div><h2 class=\"w-text us_custom_d347832c has_text_color\"><span class=\"w-text-h\"><span class=\"w-text-value\">Hausverwaltung<\/span><\/span><\/h2><div class=\"wpb_text_column us_custom_15a314ed has_text_color\"><div class=\"wpb_wrapper\"><p style=\"text-align: center;\">Wir beraten Sie gerne!<br \/>Erreichbarkeit: Mo-Fr: 08:00-13:00 Uhr<\/p>\n<\/div><\/div><div class=\"w-btn-wrapper align_center\"><a class=\"w-btn us-btn-style_5 us_custom_93c0451f icon_atleft\" href=\"tel:+43 59 444 5891\"><i class=\"fas fa-phone-alt\"><\/i><span class=\"w-btn-label\">anrufen<\/span><\/a><\/div><div class=\"w-btn-wrapper align_center\"><a class=\"w-btn us-btn-style_5 us_custom_528e9bda icon_atleft\" href=\"mailto:hausverwaltung@brantner.com\"><i class=\"far fa-envelope-open\"><\/i><span class=\"w-btn-label\">schreiben<\/span><\/a><\/div><\/div><\/div><\/div><\/div><\/div><\/div><\/div><\/section><section class=\"l-section wpb_row height_auto\"><div class=\"l-section-h i-cf\"><div class=\"g-cols vc_row via_grid cols_1 laptops-cols_inherit tablets-cols_inherit mobiles-cols_1 valign_top type_default stacking_default\"><div class=\"wpb_column vc_column_container\"><div class=\"vc_column-inner\"><h2 class=\"w-text us_custom_3090c82c\"><span class=\"w-text-h\"><span class=\"w-text-value\">Weitere Leistungen<\/span><\/span><\/h2><div class=\"w-separator size_medium\"><\/div><div class=\"w-grid us_post_list type_grid layout_1578 cols_3\" id=\"us_post_list_g8ed\" style=\"--columns:3;--gap:0.8rem;\" data-filterable=\"true\"><style>@media (max-width:1024px){#us_post_list_g8ed{--columns:2!important}}@media (max-width:396px){#us_post_list_g8ed{--columns:1!important}}.layout_1578 .w-grid-item-h{}<\/style><div class=\"w-grid-list\">\t<article class=\"w-grid-item size_1x1 post-48 page type-page status-publish has-post-thumbnail hentry\" data-id=\"48\">\r\n\t\t<div class=\"w-grid-item-h\">\r\n\t\t\t\t\t\t<div class=\"w-html usg_html_1\"><div class=\"w-flipbox animation_cardflip direction_w\"><div class=\"w-flipbox-h easing_ease\" style=\"transition-duration:0.5s;\"><div class=\"w-flipbox-hh\"><div class=\"w-flipbox-front\" style=\"background:#4d3c32;color:#ffffff;\"><div class=\"w-flipbox-front-h\"><div class=\"w-flipbox-front-icon type_image\" style=\"width:4rem;\"><img loading=\"lazy\" decoding=\"async\" width=\"300\" height=\"300\" src=\"https:\/\/www.brantner.com\/bri\/wp-content\/uploads\/sites\/8\/2025\/04\/BRI_AnkaufVerkauf.svg\" class=\"attachment-medium size-medium\" alt=\"\" \/><\/div><h2 class=\"w-flipbox-front-title\" style=\"font-size:19px;\">Immobilien Ankauf und Verkauf<\/h2><\/div><\/div><div class=\"w-flipbox-back\" style=\"display:none;color:#ffffff;background-image:url(https:\/\/www.brantner.com\/bri\/wp-content\/uploads\/sites\/8\/2025\/01\/BRI-Renderings-Hafnerplatz-6-928x1024.jpg);\"><div class=\"w-flipbox-back-h\"><h2 class=\"w-flipbox-back-title\" style=\"font-size:19px;\">Immobilien Ankauf und Verkauf<\/h2><a href=\"https:\/\/www.brantner.com\/bri\/leistungen\/immobilien-ankauf-und-verkauf\/\" class=\"w-btn us-btn-style_7\"><span class=\"w-btn-label\">ZUR LEISTUNG<\/span><\/a><\/div><\/div><\/div><\/div><\/div>\n<\/div>\t\t<\/div>\r\n\t\t\t<\/article>\r\n\t<article class=\"w-grid-item size_1x1 post-103 page type-page status-publish has-post-thumbnail hentry\" data-id=\"103\">\r\n\t\t<div class=\"w-grid-item-h\">\r\n\t\t\t\t\t\t<div class=\"w-html usg_html_1\"><div class=\"w-flipbox animation_cardflip direction_w\"><div class=\"w-flipbox-h easing_ease\" style=\"transition-duration:0.5s;\"><div class=\"w-flipbox-hh\"><div class=\"w-flipbox-front\" style=\"background:#4d3c32;color:#ffffff;\"><div class=\"w-flipbox-front-h\"><div class=\"w-flipbox-front-icon type_image\" style=\"width:4rem;\"><img loading=\"lazy\" decoding=\"async\" width=\"300\" height=\"300\" src=\"https:\/\/www.brantner.com\/bri\/wp-content\/uploads\/sites\/8\/2025\/04\/BRI_Projektentwicklung.svg\" class=\"attachment-medium size-medium\" alt=\"\" \/><\/div><h2 class=\"w-flipbox-front-title\" style=\"font-size:19px;\">Projektentwicklung<\/h2><\/div><\/div><div class=\"w-flipbox-back\" style=\"display:none;color:#ffffff;background-image:url(https:\/\/www.brantner.com\/bri\/wp-content\/uploads\/sites\/8\/2025\/01\/BRI-Renderings-Hafnerplatz-6-928x1024.jpg);\"><div class=\"w-flipbox-back-h\"><h2 class=\"w-flipbox-back-title\" style=\"font-size:19px;\">Projektentwicklung<\/h2><a href=\"https:\/\/www.brantner.com\/bri\/leistungen\/projektentwicklung\/\" class=\"w-btn us-btn-style_7\"><span class=\"w-btn-label\">ZUR LEISTUNG<\/span><\/a><\/div><\/div><\/div><\/div><\/div>\n<\/div>\t\t<\/div>\r\n\t\t\t<\/article>\r\n\t<article class=\"w-grid-item size_1x1 post-105 page type-page status-publish has-post-thumbnail hentry\" data-id=\"105\">\r\n\t\t<div class=\"w-grid-item-h\">\r\n\t\t\t\t\t\t<div class=\"w-html usg_html_1\"><div class=\"w-flipbox animation_cardflip direction_w\"><div class=\"w-flipbox-h easing_ease\" style=\"transition-duration:0.5s;\"><div class=\"w-flipbox-hh\"><div class=\"w-flipbox-front\" style=\"background:#4d3c32;color:#ffffff;\"><div class=\"w-flipbox-front-h\"><div class=\"w-flipbox-front-icon type_image\" style=\"width:4rem;\"><img loading=\"lazy\" decoding=\"async\" width=\"300\" height=\"300\" src=\"https:\/\/www.brantner.com\/bri\/wp-content\/uploads\/sites\/8\/2025\/04\/BRI_Vermietung.svg\" class=\"attachment-medium size-medium\" alt=\"\" \/><\/div><h2 class=\"w-flipbox-front-title\" style=\"font-size:19px;\">Immobilien Vermietung<\/h2><\/div><\/div><div class=\"w-flipbox-back\" style=\"display:none;color:#ffffff;background-image:url(https:\/\/www.brantner.com\/bri\/wp-content\/uploads\/sites\/8\/2025\/01\/BRI-Renderings-Hafnerplatz-6-928x1024.jpg);\"><div class=\"w-flipbox-back-h\"><h2 class=\"w-flipbox-back-title\" style=\"font-size:19px;\">Immobilien Vermietung<\/h2><a href=\"https:\/\/www.brantner.com\/bri\/leistungen\/immobilien-vermietung\/\" class=\"w-btn us-btn-style_7\"><span class=\"w-btn-label\">ZUR LEISTUNG<\/span><\/a><\/div><\/div><\/div><\/div><\/div>\n<\/div>\t\t<\/div>\r\n\t\t\t<\/article>\r\n<\/div><div class=\"g-loadmore hidden\"><div class=\"g-preloader type_1\"><div><\/div><\/div><\/div><div class=\"w-grid-list-json hidden\" onclick='return {&quot;max_num_pages&quot;:0,&quot;pagination&quot;:&quot;none&quot;,&quot;paged&quot;:1,&quot;ajaxData&quot;:{&quot;_nonce&quot;:&quot;30158910ad&quot;,&quot;action&quot;:&quot;us_ajax_post_list&quot;,&quot;template_vars&quot;:{&quot;paged&quot;:1,&quot;max_num_pages&quot;:0,&quot;no_results&quot;:false,&quot;source&quot;:&quot;post__in&quot;,&quot;custom_field_name&quot;:&quot;&quot;,&quot;ids&quot;:&quot;105,48,103&quot;,&quot;post_type&quot;:&quot;page&quot;,&quot;post_author&quot;:&quot;any&quot;,&quot;post_author_ids&quot;:&quot;&quot;,&quot;exclude_children&quot;:0,&quot;exclude_current_post&quot;:&quot;0&quot;,&quot;exclude_prev_posts&quot;:0,&quot;apply_url_params&quot;:0,&quot;tax_query_relation&quot;:&quot;none&quot;,&quot;tax_query&quot;:[{&quot;operator&quot;:&quot;IN&quot;,&quot;taxonomy&quot;:&quot;category&quot;,&quot;terms&quot;:&quot;&quot;,&quot;include_children&quot;:0}],&quot;meta_query_relation&quot;:&quot;none&quot;,&quot;meta_query&quot;:[{&quot;key&quot;:&quot;custom_field_name&quot;,&quot;compare&quot;:&quot;=&quot;,&quot;value&quot;:&quot;&quot;}],&quot;orderby&quot;:&quot;date&quot;,&quot;orderby_custom_field&quot;:&quot;&quot;,&quot;orderby_custom_type&quot;:0,&quot;order_invert&quot;:0,&quot;show_all&quot;:0,&quot;quantity&quot;:&quot;3&quot;,&quot;no_items_action&quot;:&quot;message&quot;,&quot;no_items_message&quot;:&quot;Es wurden keine Ergebnisse gefunden.&quot;,&quot;no_items_page_block&quot;:&quot;&quot;,&quot;pagination&quot;:&quot;none&quot;,&quot;pagination_style&quot;:&quot;&quot;,&quot;pagination_btn_text&quot;:&quot;Mehr laden&quot;,&quot;pagination_btn_size&quot;:&quot;&quot;,&quot;pagination_btn_style&quot;:&quot;1&quot;,&quot;pagination_btn_fullwidth&quot;:0,&quot;items_layout&quot;:&quot;1578&quot;,&quot;type&quot;:&quot;grid&quot;,&quot;items_valign&quot;:0,&quot;ignore_items_size&quot;:0,&quot;columns&quot;:&quot;3&quot;,&quot;items_gap&quot;:&quot;0.8rem&quot;,&quot;load_animation&quot;:&quot;none&quot;,&quot;img_size&quot;:&quot;default&quot;,&quot;title_size&quot;:&quot;&quot;,&quot;items_ratio&quot;:&quot;default&quot;,&quot;items_ratio_width&quot;:&quot;21&quot;,&quot;items_ratio_height&quot;:&quot;9&quot;,&quot;overriding_link&quot;:&quot;{\\&quot;url\\&quot;:\\&quot;\\&quot;}&quot;,&quot;popup_width&quot;:&quot;&quot;,&quot;popup_arrows&quot;:1,&quot;breakpoint_1_width&quot;:&quot;1381px&quot;,&quot;breakpoint_1_cols&quot;:&quot;default&quot;,&quot;breakpoint_1_gap&quot;:&quot;&quot;,&quot;breakpoint_2_width&quot;:&quot;1025px&quot;,&quot;breakpoint_2_cols&quot;:&quot;2&quot;,&quot;breakpoint_2_gap&quot;:&quot;&quot;,&quot;breakpoint_3_width&quot;:&quot;397px&quot;,&quot;breakpoint_3_cols&quot;:&quot;1&quot;,&quot;breakpoint_3_gap&quot;:&quot;&quot;,&quot;conditions_operator&quot;:&quot;always&quot;,&quot;conditions&quot;:[],&quot;css&quot;:null,&quot;el_class&quot;:&quot;&quot;,&quot;el_id&quot;:&quot;&quot;,&quot;enable_custom_html_atts&quot;:0,&quot;custom_html_atts&quot;:null,&quot;hide_on_states&quot;:&quot;&quot;,&quot;hide_for_sticky&quot;:0,&quot;hide_for_not_sticky&quot;:0,&quot;hide_below&quot;:&quot;0px&quot;,&quot;hide_above&quot;:&quot;0px&quot;,&quot;classes&quot;:&quot;&quot;}}}'><\/div><\/div><div class=\"w-separator size_large\"><\/div><\/div><\/div><\/div><\/div><\/section>\n","protected":false},"excerpt":{"rendered":"","protected":false},"author":17,"featured_media":99,"parent":1535,"menu_order":0,"comment_status":"closed","ping_status":"closed","template":"","meta":{"_acf_changed":false,"inline_featured_image":false,"_monsterinsights_skip_tracking":false,"_monsterinsights_sitenote_active":false,"_monsterinsights_sitenote_note":"","_monsterinsights_sitenote_category":0,"footnotes":""},"class_list":["post-107","page","type-page","status-publish","has-post-thumbnail","hentry"],"yoast_head":"<!-- This site is optimized with the Yoast SEO plugin v27.4 - https:\/\/yoast.com\/product\/yoast-seo-wordpress\/ -->\n<title>Hausverwaltung - Brantner Real Estate<\/title>\n<meta name=\"robots\" content=\"index, follow, max-snippet:-1, max-image-preview:large, max-video-preview:-1\" \/>\n<link rel=\"canonical\" href=\"https:\/\/www.brantner.com\/bri\/leistungen\/hausverwaltung\/\" \/>\n<meta property=\"og:locale\" content=\"de_DE\" \/>\n<meta property=\"og:type\" content=\"article\" \/>\n<meta property=\"og:title\" content=\"Hausverwaltung - Brantner Real Estate\" \/>\n<meta property=\"og:url\" content=\"https:\/\/www.brantner.com\/bri\/leistungen\/hausverwaltung\/\" \/>\n<meta property=\"og:site_name\" content=\"Brantner Real Estate\" \/>\n<meta property=\"article:modified_time\" content=\"2025-04-30T14:22:56+00:00\" \/>\n<meta property=\"og:image\" content=\"https:\/\/www.brantner.com\/bri\/wp-content\/uploads\/sites\/8\/2025\/01\/BRI-Renderings-Hafnerplatz-6-scaled.jpg\" \/>\n\t<meta property=\"og:image:width\" content=\"2321\" \/>\n\t<meta property=\"og:image:height\" content=\"2560\" \/>\n\t<meta property=\"og:image:type\" content=\"image\/jpeg\" \/>\n<meta name=\"twitter:card\" content=\"summary_large_image\" \/>\n<meta name=\"twitter:label1\" content=\"Gesch\u00e4tzte Lesezeit\" \/>\n\t<meta name=\"twitter:data1\" content=\"2\u00a0Minuten\" \/>\n<script type=\"application\/ld+json\" class=\"yoast-schema-graph\">{\"@context\":\"https:\\\/\\\/schema.org\",\"@graph\":[{\"@type\":\"WebPage\",\"@id\":\"https:\\\/\\\/www.brantner.com\\\/bri\\\/leistungen\\\/hausverwaltung\\\/\",\"url\":\"https:\\\/\\\/www.brantner.com\\\/bri\\\/leistungen\\\/hausverwaltung\\\/\",\"name\":\"Hausverwaltung - Brantner Real Estate\",\"isPartOf\":{\"@id\":\"https:\\\/\\\/www.brantner.com\\\/bri\\\/#website\"},\"primaryImageOfPage\":{\"@id\":\"https:\\\/\\\/www.brantner.com\\\/bri\\\/leistungen\\\/hausverwaltung\\\/#primaryimage\"},\"image\":{\"@id\":\"https:\\\/\\\/www.brantner.com\\\/bri\\\/leistungen\\\/hausverwaltung\\\/#primaryimage\"},\"thumbnailUrl\":\"https:\\\/\\\/www.brantner.com\\\/bri\\\/wp-content\\\/uploads\\\/sites\\\/8\\\/2025\\\/01\\\/BRI-Renderings-Hafnerplatz-6-scaled.jpg\",\"datePublished\":\"2025-01-16T18:32:12+00:00\",\"dateModified\":\"2025-04-30T14:22:56+00:00\",\"breadcrumb\":{\"@id\":\"https:\\\/\\\/www.brantner.com\\\/bri\\\/leistungen\\\/hausverwaltung\\\/#breadcrumb\"},\"inLanguage\":\"de\",\"potentialAction\":[{\"@type\":\"ReadAction\",\"target\":[\"https:\\\/\\\/www.brantner.com\\\/bri\\\/leistungen\\\/hausverwaltung\\\/\"]}]},{\"@type\":\"ImageObject\",\"inLanguage\":\"de\",\"@id\":\"https:\\\/\\\/www.brantner.com\\\/bri\\\/leistungen\\\/hausverwaltung\\\/#primaryimage\",\"url\":\"https:\\\/\\\/www.brantner.com\\\/bri\\\/wp-content\\\/uploads\\\/sites\\\/8\\\/2025\\\/01\\\/BRI-Renderings-Hafnerplatz-6-scaled.jpg\",\"contentUrl\":\"https:\\\/\\\/www.brantner.com\\\/bri\\\/wp-content\\\/uploads\\\/sites\\\/8\\\/2025\\\/01\\\/BRI-Renderings-Hafnerplatz-6-scaled.jpg\",\"width\":2321,\"height\":2560},{\"@type\":\"BreadcrumbList\",\"@id\":\"https:\\\/\\\/www.brantner.com\\\/bri\\\/leistungen\\\/hausverwaltung\\\/#breadcrumb\",\"itemListElement\":[{\"@type\":\"ListItem\",\"position\":1,\"name\":\"Startseite\",\"item\":\"https:\\\/\\\/www.brantner.com\\\/bri\\\/\"},{\"@type\":\"ListItem\",\"position\":2,\"name\":\"Leistungen\",\"item\":\"https:\\\/\\\/www.brantner.com\\\/bri\\\/leistungen\\\/\"},{\"@type\":\"ListItem\",\"position\":3,\"name\":\"Hausverwaltung\"}]},{\"@type\":\"WebSite\",\"@id\":\"https:\\\/\\\/www.brantner.com\\\/bri\\\/#website\",\"url\":\"https:\\\/\\\/www.brantner.com\\\/bri\\\/\",\"name\":\"Brantner Real Estate\",\"description\":\"\",\"potentialAction\":[{\"@type\":\"SearchAction\",\"target\":{\"@type\":\"EntryPoint\",\"urlTemplate\":\"https:\\\/\\\/www.brantner.com\\\/bri\\\/?s={search_term_string}\"},\"query-input\":{\"@type\":\"PropertyValueSpecification\",\"valueRequired\":true,\"valueName\":\"search_term_string\"}}],\"inLanguage\":\"de\"}]}<\/script>\n<!-- \/ Yoast SEO plugin. -->","yoast_head_json":{"title":"Hausverwaltung - Brantner Real Estate","robots":{"index":"index","follow":"follow","max-snippet":"max-snippet:-1","max-image-preview":"max-image-preview:large","max-video-preview":"max-video-preview:-1"},"canonical":"https:\/\/www.brantner.com\/bri\/leistungen\/hausverwaltung\/","og_locale":"de_DE","og_type":"article","og_title":"Hausverwaltung - Brantner Real Estate","og_url":"https:\/\/www.brantner.com\/bri\/leistungen\/hausverwaltung\/","og_site_name":"Brantner Real Estate","article_modified_time":"2025-04-30T14:22:56+00:00","og_image":[{"width":2321,"height":2560,"url":"https:\/\/www.brantner.com\/bri\/wp-content\/uploads\/sites\/8\/2025\/01\/BRI-Renderings-Hafnerplatz-6-scaled.jpg","type":"image\/jpeg"}],"twitter_card":"summary_large_image","twitter_misc":{"Gesch\u00e4tzte Lesezeit":"2\u00a0Minuten"},"schema":{"@context":"https:\/\/schema.org","@graph":[{"@type":"WebPage","@id":"https:\/\/www.brantner.com\/bri\/leistungen\/hausverwaltung\/","url":"https:\/\/www.brantner.com\/bri\/leistungen\/hausverwaltung\/","name":"Hausverwaltung - Brantner Real Estate","isPartOf":{"@id":"https:\/\/www.brantner.com\/bri\/#website"},"primaryImageOfPage":{"@id":"https:\/\/www.brantner.com\/bri\/leistungen\/hausverwaltung\/#primaryimage"},"image":{"@id":"https:\/\/www.brantner.com\/bri\/leistungen\/hausverwaltung\/#primaryimage"},"thumbnailUrl":"https:\/\/www.brantner.com\/bri\/wp-content\/uploads\/sites\/8\/2025\/01\/BRI-Renderings-Hafnerplatz-6-scaled.jpg","datePublished":"2025-01-16T18:32:12+00:00","dateModified":"2025-04-30T14:22:56+00:00","breadcrumb":{"@id":"https:\/\/www.brantner.com\/bri\/leistungen\/hausverwaltung\/#breadcrumb"},"inLanguage":"de","potentialAction":[{"@type":"ReadAction","target":["https:\/\/www.brantner.com\/bri\/leistungen\/hausverwaltung\/"]}]},{"@type":"ImageObject","inLanguage":"de","@id":"https:\/\/www.brantner.com\/bri\/leistungen\/hausverwaltung\/#primaryimage","url":"https:\/\/www.brantner.com\/bri\/wp-content\/uploads\/sites\/8\/2025\/01\/BRI-Renderings-Hafnerplatz-6-scaled.jpg","contentUrl":"https:\/\/www.brantner.com\/bri\/wp-content\/uploads\/sites\/8\/2025\/01\/BRI-Renderings-Hafnerplatz-6-scaled.jpg","width":2321,"height":2560},{"@type":"BreadcrumbList","@id":"https:\/\/www.brantner.com\/bri\/leistungen\/hausverwaltung\/#breadcrumb","itemListElement":[{"@type":"ListItem","position":1,"name":"Startseite","item":"https:\/\/www.brantner.com\/bri\/"},{"@type":"ListItem","position":2,"name":"Leistungen","item":"https:\/\/www.brantner.com\/bri\/leistungen\/"},{"@type":"ListItem","position":3,"name":"Hausverwaltung"}]},{"@type":"WebSite","@id":"https:\/\/www.brantner.com\/bri\/#website","url":"https:\/\/www.brantner.com\/bri\/","name":"Brantner Real Estate","description":"","potentialAction":[{"@type":"SearchAction","target":{"@type":"EntryPoint","urlTemplate":"https:\/\/www.brantner.com\/bri\/?s={search_term_string}"},"query-input":{"@type":"PropertyValueSpecification","valueRequired":true,"valueName":"search_term_string"}}],"inLanguage":"de"}]}},"acf":[],"_links":{"self":[{"href":"https:\/\/www.brantner.com\/bri\/wp-json\/wp\/v2\/pages\/107","targetHints":{"allow":["GET"]}}],"collection":[{"href":"https:\/\/www.brantner.com\/bri\/wp-json\/wp\/v2\/pages"}],"about":[{"href":"https:\/\/www.brantner.com\/bri\/wp-json\/wp\/v2\/types\/page"}],"author":[{"embeddable":true,"href":"https:\/\/www.brantner.com\/bri\/wp-json\/wp\/v2\/users\/17"}],"replies":[{"embeddable":true,"href":"https:\/\/www.brantner.com\/bri\/wp-json\/wp\/v2\/comments?post=107"}],"version-history":[{"count":5,"href":"https:\/\/www.brantner.com\/bri\/wp-json\/wp\/v2\/pages\/107\/revisions"}],"predecessor-version":[{"id":1766,"href":"https:\/\/www.brantner.com\/bri\/wp-json\/wp\/v2\/pages\/107\/revisions\/1766"}],"up":[{"embeddable":true,"href":"https:\/\/www.brantner.com\/bri\/wp-json\/wp\/v2\/pages\/1535"}],"wp:featuredmedia":[{"embeddable":true,"href":"https:\/\/www.brantner.com\/bri\/wp-json\/wp\/v2\/media\/99"}],"wp:attachment":[{"href":"https:\/\/www.brantner.com\/bri\/wp-json\/wp\/v2\/media?parent=107"}],"curies":[{"name":"wp","href":"https:\/\/api.w.org\/{rel}","templated":true}]}}